{"id":2,"date":"2020-09-21T10:36:09","date_gmt":"2020-09-21T08:36:09","guid":{"rendered":"https:\/\/hlecatalan.com\/?page_id=2"},"modified":"2022-07-04T09:16:20","modified_gmt":"2022-07-04T07:16:20","slug":"pagina-catalan","status":"publish","type":"page","link":"https:\/\/hlecatalan.com\/es\/page-catalan\/","title":{"rendered":"P\u00e1gina de ejemplo"},"content":{"rendered":"<p>Esta es una p\u00e1gina de muestra. Es diferente de una entrada de blog porque permanecer\u00e1 en el mismo lugar y aparecer\u00e1 en la navegaci\u00f3n de su sitio (en la mayor\u00eda de los temas). La mayor\u00eda de la gente empieza con una p\u00e1gina \"Acerca de\" que les presenta a los visitantes del sitio. Podr\u00eda ser algo as\u00ed:<\/p>\n\n\n\n<blockquote class=\"wp-block-quote is-layout-flow wp-block-quote-is-layout-flow\"><p>\u00a1Hola ! Soy un mec\u00e1nico que aspira a ser actor, y este es mi sitio web. Vivo en Burdeos, tengo un gran perro llamado Russell y me encanta el vodka (as\u00ed como que me sorprenda la lluvia repentina durante los largos paseos por la playa al atardecer).<\/p><\/blockquote>\n\n\n\n<p>...o algo as\u00ed:<\/p>\n\n\n\n<blockquote class=\"wp-block-quote is-layout-flow wp-block-quote-is-layout-flow\"><p>123 Machin Truc se fund\u00f3 en 1971, y desde entonces ofrece al p\u00fablico artilugios de calidad. Situada en Saint-Remy-en-Bouzemont-Saint-Genest-et-Isson, 123 Machin Truc emplea a 2.000 personas, y fabrica todo tipo de cosas interesantes para la comunidad de Bouzemont.<\/p><\/blockquote>\n\n\n\n<p>Como nuevo usuario de WordPress, debe ir a <a href=\"https:\/\/hlecatalan.com\/wp-admin\/\">su tablero de mandos<\/a> para eliminar esta p\u00e1gina y crear nuevas p\u00e1ginas para su contenido. Divi\u00e9rtete.<\/p>","protected":false},"excerpt":{"rendered":"<p>Ceci est une page d\u2019exemple. C\u2019est diff\u00e9rent d\u2019un article de blog parce qu\u2019elle restera au m\u00eame endroit et appara\u00eetra dans la navigation de votre site (dans la plupart des th\u00e8mes). La plupart des gens commencent par une page \u00ab\u00a0\u00c0 propos\u00a0\u00bb qui les pr\u00e9sente aux visiteurs du site. Cela pourrait ressembler \u00e0 quelque chose comme cela\u00a0: [&hellip;]<\/p>\n","protected":false},"author":2,"featured_media":0,"parent":0,"menu_order":22,"comment_status":"closed","ping_status":"open","template":"","meta":{"inline_featured_image":false,"footnotes":""},"class_list":["post-2","page","type-page","status-publish","hentry"],"_links":{"self":[{"href":"https:\/\/hlecatalan.com\/es\/wp-json\/wp\/v2\/pages\/2","targetHints":{"allow":["GET"]}}],"collection":[{"href":"https:\/\/hlecatalan.com\/es\/wp-json\/wp\/v2\/pages"}],"about":[{"href":"https:\/\/hlecatalan.com\/es\/wp-json\/wp\/v2\/types\/page"}],"author":[{"embeddable":true,"href":"https:\/\/hlecatalan.com\/es\/wp-json\/wp\/v2\/users\/2"}],"replies":[{"embeddable":true,"href":"https:\/\/hlecatalan.com\/es\/wp-json\/wp\/v2\/comments?post=2"}],"version-history":[{"count":1,"href":"https:\/\/hlecatalan.com\/es\/wp-json\/wp\/v2\/pages\/2\/revisions"}],"predecessor-version":[{"id":6514,"href":"https:\/\/hlecatalan.com\/es\/wp-json\/wp\/v2\/pages\/2\/revisions\/6514"}],"wp:attachment":[{"href":"https:\/\/hlecatalan.com\/es\/wp-json\/wp\/v2\/media?parent=2"}],"curies":[{"name":"wp","href":"https:\/\/api.w.org\/{rel}","templated":true}]}}