{"id":54,"date":"2021-04-30T18:48:09","date_gmt":"2021-04-30T16:48:29","guid":{"rendered":"https:\/\/hlecatalan.com\/?page_id=54"},"modified":"2022-07-04T09:18:32","modified_gmt":"2022-07-04T07:18:32","slug":"hotel-banyuls-sur-mer","status":"publish","type":"page","link":"https:\/\/hlecatalan.com\/ca\/hotel-banyuls-sur-mer\/","title":{"rendered":"contacte i acc\u00e9s"},"content":{"rendered":"<div data-elementor-type=\"wp-page\" data-elementor-id=\"54\" class=\"elementor elementor-54\" data-elementor-post-type=\"page\">\n\t\t\t\t\t\t<section class=\"elementor-section elementor-top-section elementor-element elementor-element-2278a16b elementor-section-boxed elementor-section-height-default elementor-section-height-default\" data-id=\"2278a16b\" data-element_type=\"section\" data-e-type=\"section\">\n\t\t\t\t\t\t<div class=\"elementor-container elementor-column-gap-default\">\n\t\t\t\t\t<div class=\"elementor-column elementor-col-100 elementor-top-column elementor-element elementor-element-2e88c615\" data-id=\"2e88c615\" data-element_type=\"column\" data-e-type=\"column\">\n\t\t\t<div class=\"elementor-widget-wrap elementor-element-populated\">\n\t\t\t\t\t\t<div class=\"elementor-element elementor-element-1178d297 elementor--h-position-center elementor--v-position-middle elementor-arrows-position-inside elementor-pagination-position-inside elementor-widget elementor-widget-slides\" data-id=\"1178d297\" data-element_type=\"widget\" data-e-type=\"widget\" data-settings=\"{&quot;navigation&quot;:&quot;both&quot;,&quot;autoplay&quot;:&quot;yes&quot;,&quot;pause_on_hover&quot;:&quot;yes&quot;,&quot;pause_on_interaction&quot;:&quot;yes&quot;,&quot;autoplay_speed&quot;:5000,&quot;infinite&quot;:&quot;yes&quot;,&quot;transition&quot;:&quot;slide&quot;,&quot;transition_speed&quot;:500}\" data-widget_type=\"slides.default\">\n\t\t\t\t<div class=\"elementor-widget-container\">\n\t\t\t\t\t\t\t\t\t<div class=\"elementor-swiper\">\n\t\t\t\t\t<div class=\"elementor-slides-wrapper elementor-main-swiper swiper\" role=\"region\" aria-roledescription=\"carousel\" aria-label=\"Slider\" dir=\"ltr\" data-animation=\"fadeInUp\">\n\t\t\t\t<div class=\"swiper-wrapper elementor-slides\">\n\t\t\t\t\t\t\t\t\t\t<div class=\"elementor-repeater-item-8ca84ad swiper-slide\" role=\"group\" aria-roledescription=\"slide\"><div class=\"swiper-slide-bg\" role=\"img\" aria-label=\"39040_0011mp-web\"><\/div><div class=\"swiper-slide-inner\" ><div class=\"swiper-slide-contents\"><\/div><\/div><\/div>\t\t\t\t<\/div>\n\t\t\t\t\t\t\t<\/div>\n\t\t\t\t<\/div>\n\t\t\t\t\t\t\t\t<\/div>\n\t\t\t\t<\/div>\n\t\t\t\t<div class=\"elementor-element elementor-element-5fe7b48e elementor-widget elementor-widget-html\" data-id=\"5fe7b48e\" data-element_type=\"widget\" data-e-type=\"widget\" data-widget_type=\"html.default\">\n\t\t\t\t<div class=\"elementor-widget-container\">\n\t\t\t\t\t<div class=\"vague-separation-top hidden-in-responsive\">\r\n            <div overflow: hidden;\"><svg viewbox=\"0 0 500 150\" preserveaspectratio=\"none\" style=\"height: 100%; width: 100%;\"><path d=\"M-1.41,-3.45 C289.78,228.45 273.42,-44.89 501.41,-1.47 L500.00,150.00 L0.00,150.00 Z\" style=\"stroke: none; fill: #fff;\"><\/path><\/svg><\/div>\r\n        <\/div>\t\t\t\t<\/div>\n\t\t\t\t<\/div>\n\t\t\t\t\t<\/div>\n\t\t<\/div>\n\t\t\t\t\t<\/div>\n\t\t<\/section>\n\t\t\t\t<section class=\"elementor-section elementor-top-section elementor-element elementor-element-e80aef5 elementor-section-boxed elementor-section-height-default elementor-section-height-default\" data-id=\"e80aef5\" data-element_type=\"section\" data-e-type=\"section\">\n\t\t\t\t\t\t<div class=\"elementor-container elementor-column-gap-default\">\n\t\t\t\t\t<div class=\"elementor-column elementor-col-50 elementor-top-column elementor-element elementor-element-76d0caf elementor-invisible\" data-id=\"76d0caf\" data-element_type=\"column\" data-e-type=\"column\" data-settings=\"{&quot;animation&quot;:&quot;fadeInUp&quot;}\">\n\t\t\t<div class=\"elementor-widget-wrap elementor-element-populated\">\n\t\t\t\t\t\t<div class=\"elementor-element elementor-element-2a761ad elementor-widget elementor-widget-heading\" data-id=\"2a761ad\" data-element_type=\"widget\" data-e-type=\"widget\" data-widget_type=\"heading.default\">\n\t\t\t\t<div class=\"elementor-widget-container\">\n\t\t\t\t\t<h1 class=\"elementor-heading-title elementor-size-default\">Le Catalan<\/h1>\t\t\t\t<\/div>\n\t\t\t\t<\/div>\n\t\t\t\t<div class=\"elementor-element elementor-element-e5b551e elementor-widget elementor-widget-heading\" data-id=\"e5b551e\" data-element_type=\"widget\" data-e-type=\"widget\" data-widget_type=\"heading.default\">\n\t\t\t\t<div class=\"elementor-widget-container\">\n\t\t\t\t\t<h2 class=\"elementor-heading-title elementor-size-default\">H\u00f4tel, spa et restaurant \u00e0 Banyuls <\/h2>\t\t\t\t<\/div>\n\t\t\t\t<\/div>\n\t\t\t\t<section class=\"elementor-section elementor-inner-section elementor-element elementor-element-edc1c62 elementor-section-boxed elementor-section-height-default elementor-section-height-default\" data-id=\"edc1c62\" data-element_type=\"section\" data-e-type=\"section\">\n\t\t\t\t\t\t<div class=\"elementor-container elementor-column-gap-default\">\n\t\t\t\t\t<div class=\"elementor-column elementor-col-100 elementor-inner-column elementor-element elementor-element-c5f49b1\" data-id=\"c5f49b1\" data-element_type=\"column\" data-e-type=\"column\">\n\t\t\t<div class=\"elementor-widget-wrap elementor-element-populated\">\n\t\t\t\t\t\t<div class=\"elementor-element elementor-element-f2b6bfc elementor-widget elementor-widget-shortcode\" data-id=\"f2b6bfc\" data-element_type=\"widget\" data-e-type=\"widget\" data-widget_type=\"shortcode.default\">\n\t\t\t\t<div class=\"elementor-widget-container\">\n\t\t\t\t\t\t\t<div class=\"elementor-shortcode\">\n<div class=\"wpcf7 no-js\" id=\"wpcf7-f3037-o1\" lang=\"fr-FR\" dir=\"ltr\" data-wpcf7-id=\"3037\">\n<div class=\"screen-reader-response\"><p role=\"status\" aria-live=\"polite\" aria-atomic=\"true\"><\/p> <ul><\/ul><\/div>\n<form action=\"\/ca\/wp-json\/wp\/v2\/pages\/54#wpcf7-f3037-o1\" method=\"post\" class=\"wpcf7-form init\" aria-label=\"Formulaire de contact\" novalidate=\"novalidate\" data-status=\"init\" data-trp-original-action=\"\/ca\/wp-json\/wp\/v2\/pages\/54#wpcf7-f3037-o1\">\n<fieldset class=\"hidden-fields-container\"><input type=\"hidden\" name=\"_wpcf7\" value=\"3037\" \/><input type=\"hidden\" name=\"_wpcf7_version\" value=\"6.1.5\" \/><input type=\"hidden\" name=\"_wpcf7_locale\" value=\"fr_FR\" \/><input type=\"hidden\" name=\"_wpcf7_unit_tag\" value=\"wpcf7-f3037-o1\" \/><input type=\"hidden\" name=\"_wpcf7_container_post\" value=\"0\" \/><input type=\"hidden\" name=\"_wpcf7_posted_data_hash\" value=\"\" \/><input type=\"hidden\" name=\"_wpcf7dtx_version\" value=\"5.0.5\" \/><input type=\"hidden\" name=\"_wpcf7_recaptcha_response\" value=\"\" \/>\n<\/fieldset>\n<div class=\"formulaire-contact\">\n\t<div class=\"formulaire-corps\">\n\t\t<div class=\"part-form\">\n\t\t\t<p><span class=\"wpcf7-form-control-wrap\" data-name=\"your-email\"><input size=\"40\" maxlength=\"400\" class=\"wpcf7-form-control wpcf7-email wpcf7-validates-as-required wpcf7-text wpcf7-validates-as-email\" aria-required=\"true\" aria-invalid=\"false\" placeholder=\"*Email\" value=\"\" type=\"email\" name=\"your-email\" \/><\/span>\n\t\t\t<\/p>\n\t\t\t<p><span class=\"wpcf7-form-control-wrap\" data-name=\"your-name\"><input size=\"40\" maxlength=\"400\" class=\"wpcf7-form-control wpcf7-text wpcf7-validates-as-required\" aria-required=\"true\" aria-invalid=\"false\" placeholder=\"*Nom\" value=\"\" type=\"text\" name=\"your-name\" \/><\/span>\n\t\t\t<\/p>\n\t\t<\/div>\n\t\t<div class=\"part-form\">\n\t\t\t<p><span class=\"wpcf7-form-control-wrap\" data-name=\"prenom\"><input size=\"40\" maxlength=\"400\" class=\"wpcf7-form-control wpcf7-text wpcf7-validates-as-required\" aria-required=\"true\" aria-invalid=\"false\" placeholder=\"Pr\u00e9nom\" value=\"\" type=\"text\" name=\"prenom\" \/><\/span>\n\t\t\t<\/p>\n\t\t\t<p><span class=\"wpcf7-form-control-wrap\" data-name=\"tel\"><input size=\"40\" maxlength=\"400\" class=\"wpcf7-form-control wpcf7-text wpcf7-validates-as-required\" aria-required=\"true\" aria-invalid=\"false\" placeholder=\"*Tel\" value=\"\" type=\"text\" name=\"tel\" \/><\/span>\n\t\t\t<\/p>\n\t\t<\/div>\n\t<\/div>\n\t<p><span class=\"wpcf7-form-control-wrap\" data-name=\"your-message\"><textarea cols=\"40\" rows=\"10\" maxlength=\"2000\" class=\"wpcf7-form-control wpcf7-textarea wpcf7-validates-as-required\" aria-required=\"true\" aria-invalid=\"false\" placeholder=\"*Message\" name=\"your-message\"><\/textarea><\/span>\n\t<\/p>\n<\/div>\n<div class=\"contact-consent\">\n\t<p class=\"consent\"><span class=\"wpcf7-form-control-wrap\" data-name=\"checkbox-998\"><span class=\"wpcf7-form-control wpcf7-checkbox wpcf7-validates-as-required\"><span class=\"wpcf7-list-item first last\"><label><input type=\"checkbox\" name=\"checkbox-998[]\" value=\"Oui Je donne mon consentement**\" \/><span class=\"wpcf7-list-item-label\">Oui Je donne mon consentement**<\/span><\/label><\/span><\/span><\/span>\n\t<\/p>\n\t<p><input class=\"wpcf7-form-control wpcf7-submit has-spinner\" type=\"submit\" value=\"Envoyer\" \/>\n\t<\/p>\n\t<p class=\"consent-text\">* Champs obligatoires. Ces informations restent confidentielles et ne seront jamais diffus\u00e9es \u00e0 quelque organisme que ce soit.\n\t<\/p>\n\t<p>** En soumettant ce formulaire, j'accepte que les informations saisies dans ce formulaire soient utilis\u00e9es et trait\u00e9es pour permettre de me recontacter, dans le cadre de ma demande d'informations, que ce soit par mail, ou t\u00e9l\u00e9phone. Pour conna\u00eetre et exercer vos droits, notamment de retrait de consentement \u00e0 l'utilisation de donn\u00e9es collect\u00e9es par ce formulaire. Veuillez consulter notre politique de confidentialit\u00e9. Mentions l\u00e9gales\n\t<\/p>\n\t<p>Ce site est prot\u00e9g\u00e9 par reCAPTCHA et <a href=\"https:\/\/policies.google.com\/privacy\" target=\"_blank\" rel=\"noopener\">la politique de confidentialit\u00e9<\/a> et <a href=\"https:\/\/policies.google.com\/terms\" target=\"_blank\" rel=\"noopener\">les conditions de service<\/a> de Google s'appliquent.\n\t<\/p>\n<\/div><div class=\"wpcf7-response-output\" aria-hidden=\"true\"><\/div>\n<input type=\"hidden\" name=\"trp-form-language\" value=\"ca\"\/><\/form>\n<\/div>\n<\/div>\n\t\t\t\t\t\t<\/div>\n\t\t\t\t<\/div>\n\t\t\t\t\t<\/div>\n\t\t<\/div>\n\t\t\t\t\t<\/div>\n\t\t<\/section>\n\t\t\t\t\t<\/div>\n\t\t<\/div>\n\t\t\t\t<div class=\"elementor-column elementor-col-50 elementor-top-column elementor-element elementor-element-7968cbc elementor-invisible\" data-id=\"7968cbc\" data-element_type=\"column\" data-e-type=\"column\" data-settings=\"{&quot;animation&quot;:&quot;fadeIn&quot;}\">\n\t\t\t<div class=\"elementor-widget-wrap elementor-element-populated\">\n\t\t\t\t\t\t<div class=\"elementor-element elementor-element-b1ef734 elementor-widget elementor-widget-google_maps\" data-id=\"b1ef734\" data-element_type=\"widget\" data-e-type=\"widget\" data-widget_type=\"google_maps.default\">\n\t\t\t\t<div class=\"elementor-widget-container\">\n\t\t\t\t\t\t\t<div class=\"elementor-custom-embed\">\n\t\t\t<iframe loading=\"lazy\"\n\t\t\t\t\tsrc=\"https:\/\/maps.google.com\/maps?q=H%C3%B4tel%20Le%20Catalan%2C%20rue%20du%20balcon%20de%20la%20m%C3%A9diterran%C3%A9e%2C%20Banyuls-sur-Mer&#038;t=m&#038;z=10&#038;output=embed&#038;iwloc=near\"\n\t\t\t\t\ttitle=\"H\u00f4tel Le Catalan, rue du balcon de la m\u00e9diterran\u00e9e, Banyuls-sur-Mer\"\n\t\t\t\t\taria-label=\"H\u00f4tel Le Catalan, rue du balcon de la m\u00e9diterran\u00e9e, Banyuls-sur-Mer\"\n\t\t\t><\/iframe>\n\t\t<\/div>\n\t\t\t\t\t\t<\/div>\n\t\t\t\t<\/div>\n\t\t\t\t\t<\/div>\n\t\t<\/div>\n\t\t\t\t\t<\/div>\n\t\t<\/section>\n\t\t\t\t<section class=\"elementor-section elementor-top-section elementor-element elementor-element-16e808f elementor-section-boxed elementor-section-height-default elementor-section-height-default elementor-invisible\" data-id=\"16e808f\" data-element_type=\"section\" data-e-type=\"section\" data-settings=\"{&quot;background_background&quot;:&quot;classic&quot;,&quot;shape_divider_top&quot;:&quot;waves&quot;,&quot;animation&quot;:&quot;fadeInUp&quot;}\">\n\t\t\t\t\t<div class=\"elementor-shape elementor-shape-top\" aria-hidden=\"true\" data-negative=\"false\">\n\t\t\t<svg xmlns=\"http:\/\/www.w3.org\/2000\/svg\" viewbox=\"0 0 1000 100\" preserveaspectratio=\"none\">\n\t<path class=\"elementor-shape-fill\" d=\"M421.9,6.5c22.6-2.5,51.5,0.4,75.5,5.3c23.6,4.9,70.9,23.5,100.5,35.7c75.8,32.2,133.7,44.5,192.6,49.7\tc23.6,2.1,48.7,3.5,103.4-2.5c54.7-6,106.2-25.6,106.2-25.6V0H0v30.3c0,0,72,32.6,158.4,30.5c39.2-0.7,92.8-6.7,134-22.4\tc21.2-8.1,52.2-18.2,79.7-24.2C399.3,7.9,411.6,7.5,421.9,6.5z\"\/>\n<\/svg>\t\t<\/div>\n\t\t\t\t\t<div class=\"elementor-container elementor-column-gap-default\">\n\t\t\t\t\t<div class=\"elementor-column elementor-col-100 elementor-top-column elementor-element elementor-element-6c7bed7\" data-id=\"6c7bed7\" data-element_type=\"column\" data-e-type=\"column\">\n\t\t\t<div class=\"elementor-widget-wrap elementor-element-populated\">\n\t\t\t\t\t\t<section class=\"elementor-section elementor-inner-section elementor-element elementor-element-7b684e0 elementor-section-boxed elementor-section-height-default elementor-section-height-default\" data-id=\"7b684e0\" data-element_type=\"section\" data-e-type=\"section\">\n\t\t\t\t\t\t<div class=\"elementor-container elementor-column-gap-default\">\n\t\t\t\t\t<div class=\"elementor-column elementor-col-100 elementor-inner-column elementor-element elementor-element-84e7eb2\" data-id=\"84e7eb2\" data-element_type=\"column\" data-e-type=\"column\">\n\t\t\t<div class=\"elementor-widget-wrap elementor-element-populated\">\n\t\t\t\t\t\t<div class=\"elementor-element elementor-element-2c81f392 elementor-widget elementor-widget-heading\" data-id=\"2c81f392\" data-element_type=\"widget\" data-e-type=\"widget\" data-widget_type=\"heading.default\">\n\t\t\t\t<div class=\"elementor-widget-container\">\n\t\t\t\t\t<h1 class=\"elementor-heading-title elementor-size-default\">Com arribar<\/h1>\t\t\t\t<\/div>\n\t\t\t\t<\/div>\n\t\t\t\t<div class=\"elementor-element elementor-element-18e0ef4d elementor-widget elementor-widget-heading\" data-id=\"18e0ef4d\" data-element_type=\"widget\" data-e-type=\"widget\" data-settings=\"{&quot;_animation_tablet&quot;:&quot;fadeInUp&quot;}\" data-widget_type=\"heading.default\">\n\t\t\t\t<div class=\"elementor-widget-container\">\n\t\t\t\t\t<h2 class=\"elementor-heading-title elementor-size-default\">Al nostre hotel a Banyuls de la Marenda<\/h2>\t\t\t\t<\/div>\n\t\t\t\t<\/div>\n\t\t\t\t<div class=\"elementor-element elementor-element-753edef6 elementor-widget elementor-widget-text-editor\" data-id=\"753edef6\" data-element_type=\"widget\" data-e-type=\"widget\" data-widget_type=\"text-editor.default\">\n\t\t\t\t<div class=\"elementor-widget-container\">\n\t\t\t\t\t\t\t\t\t<p>Ja sigui per terra o per aire, us oferim les indicacions per arribar al nostre hotel Le Catalan a Banyuls de la Marenda.<\/p>\n<p><strong>En avi\u00f3<\/strong><\/p>\n<p>Aeroport de Perpiny\u00e0 Riversaltes a 40 minuts, amb busos fins a l'estaci\u00f3 de Perpiny\u00e0.<\/p>\n<p>Llan\u00e7adora de l\u2019aeroport a l'estaci\u00f3 d\u2019autobusos de Perpiny\u00e0 o l'estaci\u00f3 de trens de l\u2019SNCF. Serveis de taxi des de Banyuls de la Marenda.<\/p>\n<p>Aeroport de Girona a 100 km amb serveis de bus i taxi.<\/p>\n<p><strong>En bus<\/strong><\/p>\n<p>Bus regional LIO entre Perpiny\u00e0 i Banyuls: 1 \u20ac per trajecte, tot l'any de dilluns a dissabte.<\/p>\n<p><strong>En tren<\/strong><\/p>\n<p>Nombroses connexions amb les grans ciutats franceses.<\/p>\n<p><strong>En cotxe<\/strong><\/p>\n<p>Per l\u2019autopista A9, sortiu a Perpiny\u00e0 Sud, seguiu les indicacions d\u2019Elna, Argelers, Cotlliure i Portvendres per arribar a Banyuls de la Marenda.<\/p>\n<p>Per l'autopista AP7\/E15 des d'Espanya, seguiu les indicacions de Figueres i despr\u00e9s Perpiny\u00e0.<br>Un cop arribeu a Fran\u00e7a, continueu a l'A9 i agafeu la sortida n\u00fam. 43; despr\u00e9s continueu en direcci\u00f3 a Argelers, Cotlliure, Portvendres i arribareu a Banyuls de la Marenda.<\/p>\t\t\t\t\t\t\t\t<\/div>\n\t\t\t\t<\/div>\n\t\t\t\t\t<\/div>\n\t\t<\/div>\n\t\t\t\t\t<\/div>\n\t\t<\/section>\n\t\t\t\t\t<\/div>\n\t\t<\/div>\n\t\t\t\t\t<\/div>\n\t\t<\/section>\n\t\t\t\t<\/div>","protected":false},"excerpt":{"rendered":"<p>Le Catalan H\u00f4tel, spa et restaurant \u00e0 Banyuls Comment venir \u00c0 notre h\u00f4tel \u00e0 Banyuls sur Mer Que ce soit par les airs ou les terres, nous vous orientons pour arriver \u00e0 notre h\u00f4tel Le Catalan \u00e0 Banyuls sur mer. Par avion A\u00e9roport de Perpignan Riversaltes \u00e0 40 minutes, desservi par service de bus vers [&hellip;]<\/p>\n","protected":false},"author":6,"featured_media":0,"parent":0,"menu_order":10,"comment_status":"closed","ping_status":"closed","template":"","meta":{"inline_featured_image":false,"footnotes":""},"class_list":["post-54","page","type-page","status-publish","hentry"],"_links":{"self":[{"href":"https:\/\/hlecatalan.com\/ca\/wp-json\/wp\/v2\/pages\/54","targetHints":{"allow":["GET"]}}],"collection":[{"href":"https:\/\/hlecatalan.com\/ca\/wp-json\/wp\/v2\/pages"}],"about":[{"href":"https:\/\/hlecatalan.com\/ca\/wp-json\/wp\/v2\/types\/page"}],"author":[{"embeddable":true,"href":"https:\/\/hlecatalan.com\/ca\/wp-json\/wp\/v2\/users\/6"}],"replies":[{"embeddable":true,"href":"https:\/\/hlecatalan.com\/ca\/wp-json\/wp\/v2\/comments?post=54"}],"version-history":[{"count":99,"href":"https:\/\/hlecatalan.com\/ca\/wp-json\/wp\/v2\/pages\/54\/revisions"}],"predecessor-version":[{"id":7860,"href":"https:\/\/hlecatalan.com\/ca\/wp-json\/wp\/v2\/pages\/54\/revisions\/7860"}],"wp:attachment":[{"href":"https:\/\/hlecatalan.com\/ca\/wp-json\/wp\/v2\/media?parent=54"}],"curies":[{"name":"wp","href":"https:\/\/api.w.org\/{rel}","templated":true}]}}